{"id":5858,"date":"2021-01-15T16:19:07","date_gmt":"2021-01-15T15:19:07","guid":{"rendered":"https:\/\/mapa.ekosystem.wroc.pl\/strona-glowna\/"},"modified":"2022-06-09T18:39:05","modified_gmt":"2022-06-09T16:39:05","slug":"strona-glowna","status":"publish","type":"page","link":"https:\/\/mapa.ekosystem.wroc.pl\/uk\/","title":{"rendered":"Strona g\u0142\u00f3wna"},"content":{"rendered":"<div class=\"mceContentBody mceFrontEnd default\"><\/div>","protected":false},"excerpt":{"rendered":"","protected":false},"author":1,"featured_media":5855,"parent":0,"menu_order":0,"comment_status":"closed","ping_status":"closed","template":"","meta":{"_acf_changed":false,"footnotes":""},"class_list":["post-5858","page","type-page","status-publish","has-post-thumbnail","hentry"],"acf":[],"yoast_head":"<!-- This site is optimized with the Yoast SEO plugin v27.2 - https:\/\/yoast.com\/product\/yoast-seo-wordpress\/ -->\n<title>Mapa punkt\u00f3w zbi\u00f3rki zb\u0119dnych lek\u00f3w | Ekosystem Wroc\u0142aw<\/title>\n<meta name=\"description\" content=\"Sprawd\u017a w jakich punktach aptecznych mo\u017cna odda\u0107 opakowania po lekach, termometry, ig\u0142y i strzykawki.\" \/>\n<meta name=\"robots\" content=\"index, follow, max-snippet:-1, max-image-preview:large, max-video-preview:-1\" \/>\n<link rel=\"canonical\" href=\"https:\/\/mapa.ekosystem.wroc.pl\/uk\/\" \/>\n<meta property=\"og:locale\" content=\"uk_UA\" \/>\n<meta property=\"og:type\" content=\"article\" \/>\n<meta property=\"og:title\" content=\"Mapa punkt\u00f3w zbi\u00f3rki zb\u0119dnych lek\u00f3w | Ekosystem Wroc\u0142aw\" \/>\n<meta property=\"og:description\" content=\"Sprawd\u017a w jakich punktach aptecznych mo\u017cna odda\u0107 opakowania po lekach, termometry, ig\u0142y i strzykawki.\" \/>\n<meta property=\"og:url\" content=\"https:\/\/mapa.ekosystem.wroc.pl\/uk\/\" \/>\n<meta property=\"og:site_name\" content=\"Ekosystem Wroc\u0142aw\" \/>\n<meta property=\"article:modified_time\" content=\"2022-06-09T16:39:05+00:00\" \/>\n<meta property=\"og:image\" content=\"https:\/\/mapa.ekosystem.wroc.pl\/wp-content\/uploads\/2021\/03\/ekosystem.jpg\" \/>\n\t<meta property=\"og:image:width\" content=\"1200\" \/>\n\t<meta property=\"og:image:height\" content=\"628\" \/>\n\t<meta property=\"og:image:type\" content=\"image\/jpeg\" \/>\n<meta name=\"twitter:card\" content=\"summary_large_image\" \/>\n<script type=\"application\/ld+json\" class=\"yoast-schema-graph\">{\"@context\":\"https:\/\/schema.org\",\"@graph\":[{\"@type\":\"WebPage\",\"@id\":\"https:\/\/mapa.ekosystem.wroc.pl\/uk\/\",\"url\":\"https:\/\/mapa.ekosystem.wroc.pl\/uk\/\",\"name\":\"Mapa punkt\u00f3w zbi\u00f3rki zb\u0119dnych lek\u00f3w | Ekosystem Wroc\u0142aw\",\"isPartOf\":{\"@id\":\"https:\/\/mapa.ekosystem.wroc.pl\/#website\"},\"primaryImageOfPage\":{\"@id\":\"https:\/\/mapa.ekosystem.wroc.pl\/uk\/#primaryimage\"},\"image\":{\"@id\":\"https:\/\/mapa.ekosystem.wroc.pl\/uk\/#primaryimage\"},\"thumbnailUrl\":\"https:\/\/mapa.ekosystem.wroc.pl\/wp-content\/uploads\/2021\/03\/ekosystem.jpg\",\"datePublished\":\"2021-01-15T15:19:07+00:00\",\"dateModified\":\"2022-06-09T16:39:05+00:00\",\"description\":\"Sprawd\u017a w jakich punktach aptecznych mo\u017cna odda\u0107 opakowania po lekach, termometry, ig\u0142y i strzykawki.\",\"breadcrumb\":{\"@id\":\"https:\/\/mapa.ekosystem.wroc.pl\/uk\/#breadcrumb\"},\"inLanguage\":\"uk\",\"potentialAction\":[{\"@type\":\"ReadAction\",\"target\":[\"https:\/\/mapa.ekosystem.wroc.pl\/uk\/\"]}]},{\"@type\":\"ImageObject\",\"inLanguage\":\"uk\",\"@id\":\"https:\/\/mapa.ekosystem.wroc.pl\/uk\/#primaryimage\",\"url\":\"https:\/\/mapa.ekosystem.wroc.pl\/wp-content\/uploads\/2021\/03\/ekosystem.jpg\",\"contentUrl\":\"https:\/\/mapa.ekosystem.wroc.pl\/wp-content\/uploads\/2021\/03\/ekosystem.jpg\",\"width\":1200,\"height\":628},{\"@type\":\"BreadcrumbList\",\"@id\":\"https:\/\/mapa.ekosystem.wroc.pl\/uk\/#breadcrumb\",\"itemListElement\":[{\"@type\":\"ListItem\",\"position\":1,\"name\":\"Strona g\u0142\u00f3wna\",\"item\":\"https:\/\/mapa.ekosystem.wroc.pl\/uk\/\"},{\"@type\":\"ListItem\",\"position\":2,\"name\":\"Strona g\u0142\u00f3wna\"}]},{\"@type\":\"WebSite\",\"@id\":\"https:\/\/mapa.ekosystem.wroc.pl\/#website\",\"url\":\"https:\/\/mapa.ekosystem.wroc.pl\/\",\"name\":\"Ekosystem Wroc\u0142aw\",\"description\":\"Mapa punkt\u00f3w zbi\u00f3rki zb\u0119dnych lek\u00f3w\",\"potentialAction\":[{\"@type\":\"SearchAction\",\"target\":{\"@type\":\"EntryPoint\",\"urlTemplate\":\"https:\/\/mapa.ekosystem.wroc.pl\/?s={search_term_string}\"},\"query-input\":{\"@type\":\"PropertyValueSpecification\",\"valueRequired\":true,\"valueName\":\"search_term_string\"}}],\"inLanguage\":\"uk\"}]}<\/script>\n<!-- \/ Yoast SEO plugin. -->","yoast_head_json":{"title":"Mapa punkt\u00f3w zbi\u00f3rki zb\u0119dnych lek\u00f3w | Ekosystem Wroc\u0142aw","description":"Sprawd\u017a w jakich punktach aptecznych mo\u017cna odda\u0107 opakowania po lekach, termometry, ig\u0142y i strzykawki.","robots":{"index":"index","follow":"follow","max-snippet":"max-snippet:-1","max-image-preview":"max-image-preview:large","max-video-preview":"max-video-preview:-1"},"canonical":"https:\/\/mapa.ekosystem.wroc.pl\/uk\/","og_locale":"uk_UA","og_type":"article","og_title":"Mapa punkt\u00f3w zbi\u00f3rki zb\u0119dnych lek\u00f3w | Ekosystem Wroc\u0142aw","og_description":"Sprawd\u017a w jakich punktach aptecznych mo\u017cna odda\u0107 opakowania po lekach, termometry, ig\u0142y i strzykawki.","og_url":"https:\/\/mapa.ekosystem.wroc.pl\/uk\/","og_site_name":"Ekosystem Wroc\u0142aw","article_modified_time":"2022-06-09T16:39:05+00:00","og_image":[{"width":1200,"height":628,"url":"https:\/\/mapa.ekosystem.wroc.pl\/wp-content\/uploads\/2021\/03\/ekosystem.jpg","type":"image\/jpeg"}],"twitter_card":"summary_large_image","schema":{"@context":"https:\/\/schema.org","@graph":[{"@type":"WebPage","@id":"https:\/\/mapa.ekosystem.wroc.pl\/uk\/","url":"https:\/\/mapa.ekosystem.wroc.pl\/uk\/","name":"Mapa punkt\u00f3w zbi\u00f3rki zb\u0119dnych lek\u00f3w | Ekosystem Wroc\u0142aw","isPartOf":{"@id":"https:\/\/mapa.ekosystem.wroc.pl\/#website"},"primaryImageOfPage":{"@id":"https:\/\/mapa.ekosystem.wroc.pl\/uk\/#primaryimage"},"image":{"@id":"https:\/\/mapa.ekosystem.wroc.pl\/uk\/#primaryimage"},"thumbnailUrl":"https:\/\/mapa.ekosystem.wroc.pl\/wp-content\/uploads\/2021\/03\/ekosystem.jpg","datePublished":"2021-01-15T15:19:07+00:00","dateModified":"2022-06-09T16:39:05+00:00","description":"Sprawd\u017a w jakich punktach aptecznych mo\u017cna odda\u0107 opakowania po lekach, termometry, ig\u0142y i strzykawki.","breadcrumb":{"@id":"https:\/\/mapa.ekosystem.wroc.pl\/uk\/#breadcrumb"},"inLanguage":"uk","potentialAction":[{"@type":"ReadAction","target":["https:\/\/mapa.ekosystem.wroc.pl\/uk\/"]}]},{"@type":"ImageObject","inLanguage":"uk","@id":"https:\/\/mapa.ekosystem.wroc.pl\/uk\/#primaryimage","url":"https:\/\/mapa.ekosystem.wroc.pl\/wp-content\/uploads\/2021\/03\/ekosystem.jpg","contentUrl":"https:\/\/mapa.ekosystem.wroc.pl\/wp-content\/uploads\/2021\/03\/ekosystem.jpg","width":1200,"height":628},{"@type":"BreadcrumbList","@id":"https:\/\/mapa.ekosystem.wroc.pl\/uk\/#breadcrumb","itemListElement":[{"@type":"ListItem","position":1,"name":"Strona g\u0142\u00f3wna","item":"https:\/\/mapa.ekosystem.wroc.pl\/uk\/"},{"@type":"ListItem","position":2,"name":"Strona g\u0142\u00f3wna"}]},{"@type":"WebSite","@id":"https:\/\/mapa.ekosystem.wroc.pl\/#website","url":"https:\/\/mapa.ekosystem.wroc.pl\/","name":"Ekosystem Wroc\u0142aw","description":"Mapa punkt\u00f3w zbi\u00f3rki zb\u0119dnych lek\u00f3w","potentialAction":[{"@type":"SearchAction","target":{"@type":"EntryPoint","urlTemplate":"https:\/\/mapa.ekosystem.wroc.pl\/?s={search_term_string}"},"query-input":{"@type":"PropertyValueSpecification","valueRequired":true,"valueName":"search_term_string"}}],"inLanguage":"uk"}]}},"_links":{"self":[{"href":"https:\/\/mapa.ekosystem.wroc.pl\/uk\/wp-json\/wp\/v2\/pages\/5858","targetHints":{"allow":["GET"]}}],"collection":[{"href":"https:\/\/mapa.ekosystem.wroc.pl\/uk\/wp-json\/wp\/v2\/pages"}],"about":[{"href":"https:\/\/mapa.ekosystem.wroc.pl\/uk\/wp-json\/wp\/v2\/types\/page"}],"author":[{"embeddable":true,"href":"https:\/\/mapa.ekosystem.wroc.pl\/uk\/wp-json\/wp\/v2\/users\/1"}],"replies":[{"embeddable":true,"href":"https:\/\/mapa.ekosystem.wroc.pl\/uk\/wp-json\/wp\/v2\/comments?post=5858"}],"version-history":[{"count":1,"href":"https:\/\/mapa.ekosystem.wroc.pl\/uk\/wp-json\/wp\/v2\/pages\/5858\/revisions"}],"predecessor-version":[{"id":5859,"href":"https:\/\/mapa.ekosystem.wroc.pl\/uk\/wp-json\/wp\/v2\/pages\/5858\/revisions\/5859"}],"wp:featuredmedia":[{"embeddable":true,"href":"https:\/\/mapa.ekosystem.wroc.pl\/uk\/wp-json\/wp\/v2\/media\/5855"}],"wp:attachment":[{"href":"https:\/\/mapa.ekosystem.wroc.pl\/uk\/wp-json\/wp\/v2\/media?parent=5858"}],"curies":[{"name":"wp","href":"https:\/\/api.w.org\/{rel}","templated":true}]}}